{"id":38,"date":"2016-07-04T13:08:02","date_gmt":"2016-07-04T13:08:02","guid":{"rendered":"http:\/\/www.gruentzig-foundation.org\/?page_id=38"},"modified":"2016-07-20T12:45:18","modified_gmt":"2016-07-20T12:45:18","slug":"ueber-die-stiftung","status":"publish","type":"page","link":"https:\/\/www.gruentzig-foundation.org\/","title":{"rendered":"\u00dcber die Stiftung"},"content":{"rendered":"<p>[et_pb_section admin_label=&#8220;section&#8220; background_image=&#8220;http:\/\/www.gruentzig-foundation.org\/wp-content\/uploads\/2016\/07\/09_farbe_einstiegsbild.jpg&#8220; transparent_background=&#8220;off&#8220; background_color=&#8220;#ffffff&#8220; allow_player_pause=&#8220;off&#8220; inner_shadow=&#8220;off&#8220; parallax=&#8220;off&#8220; parallax_method=&#8220;off&#8220; padding_mobile=&#8220;off&#8220; make_fullwidth=&#8220;off&#8220; use_custom_width=&#8220;off&#8220; width_unit=&#8220;on&#8220; make_equal=&#8220;off&#8220; use_custom_gutter=&#8220;off&#8220;][et_pb_row admin_label=&#8220;Zeile&#8220;][et_pb_column type=&#8220;1_3&#8243;][\/et_pb_column][et_pb_column type=&#8220;2_3&#8243;][et_pb_text admin_label=&#8220;Text&#8220; background_layout=&#8220;light&#8220; text_orientation=&#8220;left&#8220; use_border_color=&#8220;off&#8220; border_color=&#8220;#ffffff&#8220; border_style=&#8220;solid&#8220; custom_padding=&#8220;|||170px&#8220;]<\/p>\n<p>Der an der Universit\u00e4t Z\u00fcrich t\u00e4tige Arzt und Wissenschaftler<\/p>\n<h1>ANDREAS GR\u00dcNTZIG (1939 \u2013 1985)<\/h1>\n<p>hat in den 1970er Jahren weltweit bahnbrechende Pionierleistungen auf dem Gebiet der Gef\u00e4ssmedizin vollbracht. Der von Gr\u00fcntzig am eigenen K\u00fcchentisch entwickelte Ballonkatheter erlaubt die nicht-operative Er\u00f6ffnung von verengten oder verschlossenen Blutgef\u00e4ssen. Die Ballondilatation ist heute der am h\u00e4ufigsten durchgef\u00fchrte medizinische Eingriff \u00fcberhaupt und wird j\u00e4hrlich millionenfach bei Patienten mit Herzinfarkt, koronarer Herzkrankheit und Verengungen der Beinarterien durchgef\u00fchrt. Gr\u00fcntzig kam im Alter von 46 Jahren bei einem Flugzeugabsturz ums Leben.<\/p>\n<p>Anl\u00e4sslich seines 30. Todestages wurde an der Universit\u00e4t Z\u00fcrich die \u00abANDREAS GR\u00dcNTZIG Stiftung\u00bb gegr\u00fcndet. Die Stiftung f\u00f6rdert und unterst\u00fctzt Talente in der Gef\u00e4ssmedizin und verwandten medizinischen Disziplinen in Ausbildung, Forschung, und Lehre. Die Stiftung unterst\u00fctzt insbesondere die medizinische und wissenschaftliche Aus- und Weiterbildung in ambulanter und klinischer Medizin und von \u00abphysician-scientists\u00bb und betreibt aktiv wissenschaftliche und medizinische Nachwuchsf\u00f6rderung. Weitere Aufgaben der Stiftung beinhalten Aufkl\u00e4rung und \u00d6ffentlichkeitsarbeit betreffend Entstehung, Pr\u00e4vention und Behandlung von Gef\u00e4sserkrankungen sowie die Aufbereitung und Verwaltung des wissenschaftlichen Erbes ihres Namensgebers.<\/p>\n<p>ANDREAS GR\u00dcNTZIG Stiftung<br \/>\nWaldstrasse 8a | CH 8118 Pfaffhausen | Schweiz<br \/>\n<a href=\"mailto:info@gruentzig-foundation.org\">info@Gruentzig-Foundation.org<\/a><\/p>\n<p><a href=\"https:\/\/www.ncbi.nlm.nih.gov\/pmc\/articles\/PMC4671350\/\" target=\"_blank\">Informationen \u00fcber Andreas Gr\u00fcntzig<\/a><\/p>\n<p>Eingetragen im Schweizer Handelsregister Nr. CHE-301.659.930<br \/>\n\u00a9 ANDREAS GR\u00dcNTZIG Stiftung 2016. All rights reserved.<\/p>\n<p>Abbildung:<br \/>\nAndreas Gr\u00fcntzig im Kathetherlabor bei der Pr\u00fcfung eines von ihm entwickelten Ballon-Katheters, aufgenommen von Gr\u00fcntzigs Assistentin Maria Schlumpf ca. 1980. Die Ver\u00f6ffentlichung der Aufnahme erfolgt mit ihrer ausdr\u00fccklichen Genehmigung.<\/p>\n<p>[\/et_pb_text][\/et_pb_column][\/et_pb_row][\/et_pb_section]<\/p>\n","protected":false},"excerpt":{"rendered":"<p>[et_pb_section admin_label=&#8220;section&#8220; background_image=&#8220;http:\/\/www.gruentzig-foundation.org\/wp-content\/uploads\/2016\/07\/09_farbe_einstiegsbild.jpg&#8220; transparent_background=&#8220;off&#8220; background_color=&#8220;#ffffff&#8220; allow_player_pause=&#8220;off&#8220; inner_shadow=&#8220;off&#8220; parallax=&#8220;off&#8220; parallax_method=&#8220;off&#8220; padding_mobile=&#8220;off&#8220; make_fullwidth=&#8220;off&#8220; use_custom_width=&#8220;off&#8220; width_unit=&#8220;on&#8220; make_equal=&#8220;off&#8220; use_custom_gutter=&#8220;off&#8220;][et_pb_row admin_label=&#8220;Zeile&#8220;][et_pb_column type=&#8220;1_3&#8243;][\/et_pb_column][et_pb_column type=&#8220;2_3&#8243;][et_pb_text admin_label=&#8220;Text&#8220; background_layout=&#8220;light&#8220; text_orientation=&#8220;left&#8220; use_border_color=&#8220;off&#8220; border_color=&#8220;#ffffff&#8220; border_style=&#8220;solid&#8220; custom_padding=&#8220;|||170px&#8220;] Der an der Universit\u00e4t Z\u00fcrich t\u00e4tige Arzt und Wissenschaftler ANDREAS GR\u00dcNTZIG (1939 \u2013 1985) hat in den 1970er Jahren weltweit bahnbrechende Pionierleistungen auf dem Gebiet der Gef\u00e4ssmedizin vollbracht. Der von [&hellip;]<\/p>\n","protected":false},"author":1,"featured_media":0,"parent":0,"menu_order":0,"comment_status":"closed","ping_status":"closed","template":"","meta":{"footnotes":""},"class_list":["post-38","page","type-page","status-publish","hentry"],"yoast_head":"<!-- This site is optimized with the Yoast SEO plugin v25.2 - https:\/\/yoast.com\/wordpress\/plugins\/seo\/ -->\n<title>\u00dcber die Stiftung - Andreas Gr\u00fcntzig Stiftung<\/title>\n<meta name=\"description\" content=\"Der an der Universit\u00e4t Z\u00fcrich t\u00e4tige Arzt und Wissenschaftler ANDREAS GR\u00dcNTZIG (1939 \u2013 1985) hat in den 1970er Jahren weltweit bahnbrechende Pionierleistung\" \/>\n<meta name=\"robots\" content=\"index, follow, max-snippet:-1, max-image-preview:large, max-video-preview:-1\" \/>\n<link rel=\"canonical\" href=\"http:\/\/www.gruentzig-foundation.org\/\" \/>\n<meta property=\"og:locale\" content=\"de_DE\" \/>\n<meta property=\"og:type\" content=\"article\" \/>\n<meta property=\"og:title\" content=\"\u00dcber die Stiftung - Andreas Gr\u00fcntzig Stiftung\" \/>\n<meta property=\"og:description\" content=\"Der an der Universit\u00e4t Z\u00fcrich t\u00e4tige Arzt und Wissenschaftler ANDREAS GR\u00dcNTZIG (1939 \u2013 1985) hat in den 1970er Jahren weltweit bahnbrechende Pionierleistung\" \/>\n<meta property=\"og:url\" content=\"http:\/\/www.gruentzig-foundation.org\/\" \/>\n<meta property=\"og:site_name\" content=\"Andreas Gr&uuml;ntzig Stiftung\" \/>\n<meta property=\"article:modified_time\" content=\"2016-07-20T12:45:18+00:00\" \/>\n<meta name=\"twitter:card\" content=\"summary_large_image\" \/>\n<meta name=\"twitter:label1\" content=\"Gesch\u00e4tzte Lesezeit\" \/>\n\t<meta name=\"twitter:data1\" content=\"2\u00a0Minuten\" \/>\n<script type=\"application\/ld+json\" class=\"yoast-schema-graph\">{\"@context\":\"https:\/\/schema.org\",\"@graph\":[{\"@type\":\"WebPage\",\"@id\":\"http:\/\/www.gruentzig-foundation.org\/\",\"url\":\"http:\/\/www.gruentzig-foundation.org\/\",\"name\":\"\u00dcber die Stiftung - Andreas Gr\u00fcntzig Stiftung\",\"isPartOf\":{\"@id\":\"http:\/\/www.gruentzig-foundation.org\/#website\"},\"datePublished\":\"2016-07-04T13:08:02+00:00\",\"dateModified\":\"2016-07-20T12:45:18+00:00\",\"description\":\"Der an der Universit\u00e4t Z\u00fcrich t\u00e4tige Arzt und Wissenschaftler ANDREAS GR\u00dcNTZIG (1939 \u2013 1985) hat in den 1970er Jahren weltweit bahnbrechende Pionierleistung\",\"breadcrumb\":{\"@id\":\"http:\/\/www.gruentzig-foundation.org\/#breadcrumb\"},\"inLanguage\":\"de\",\"potentialAction\":[{\"@type\":\"ReadAction\",\"target\":[\"http:\/\/www.gruentzig-foundation.org\/\"]}]},{\"@type\":\"BreadcrumbList\",\"@id\":\"http:\/\/www.gruentzig-foundation.org\/#breadcrumb\",\"itemListElement\":[{\"@type\":\"ListItem\",\"position\":1,\"name\":\"Startseite\",\"item\":\"http:\/\/www.gruentzig-foundation.org\/\"},{\"@type\":\"ListItem\",\"position\":2,\"name\":\"\u00dcber die Stiftung\"}]},{\"@type\":\"WebSite\",\"@id\":\"http:\/\/www.gruentzig-foundation.org\/#website\",\"url\":\"http:\/\/www.gruentzig-foundation.org\/\",\"name\":\"Andreas Gr&uuml;ntzig Stiftung\",\"description\":\"www.gruentzig-foundation.org\",\"potentialAction\":[{\"@type\":\"SearchAction\",\"target\":{\"@type\":\"EntryPoint\",\"urlTemplate\":\"http:\/\/www.gruentzig-foundation.org\/?s={search_term_string}\"},\"query-input\":{\"@type\":\"PropertyValueSpecification\",\"valueRequired\":true,\"valueName\":\"search_term_string\"}}],\"inLanguage\":\"de\"}]}<\/script>\n<!-- \/ Yoast SEO plugin. -->","yoast_head_json":{"title":"\u00dcber die Stiftung - Andreas Gr\u00fcntzig Stiftung","description":"Der an der Universit\u00e4t Z\u00fcrich t\u00e4tige Arzt und Wissenschaftler ANDREAS GR\u00dcNTZIG (1939 \u2013 1985) hat in den 1970er Jahren weltweit bahnbrechende Pionierleistung","robots":{"index":"index","follow":"follow","max-snippet":"max-snippet:-1","max-image-preview":"max-image-preview:large","max-video-preview":"max-video-preview:-1"},"canonical":"http:\/\/www.gruentzig-foundation.org\/","og_locale":"de_DE","og_type":"article","og_title":"\u00dcber die Stiftung - Andreas Gr\u00fcntzig Stiftung","og_description":"Der an der Universit\u00e4t Z\u00fcrich t\u00e4tige Arzt und Wissenschaftler ANDREAS GR\u00dcNTZIG (1939 \u2013 1985) hat in den 1970er Jahren weltweit bahnbrechende Pionierleistung","og_url":"http:\/\/www.gruentzig-foundation.org\/","og_site_name":"Andreas Gr&uuml;ntzig Stiftung","article_modified_time":"2016-07-20T12:45:18+00:00","twitter_card":"summary_large_image","twitter_misc":{"Gesch\u00e4tzte Lesezeit":"2\u00a0Minuten"},"schema":{"@context":"https:\/\/schema.org","@graph":[{"@type":"WebPage","@id":"http:\/\/www.gruentzig-foundation.org\/","url":"http:\/\/www.gruentzig-foundation.org\/","name":"\u00dcber die Stiftung - Andreas Gr\u00fcntzig Stiftung","isPartOf":{"@id":"http:\/\/www.gruentzig-foundation.org\/#website"},"datePublished":"2016-07-04T13:08:02+00:00","dateModified":"2016-07-20T12:45:18+00:00","description":"Der an der Universit\u00e4t Z\u00fcrich t\u00e4tige Arzt und Wissenschaftler ANDREAS GR\u00dcNTZIG (1939 \u2013 1985) hat in den 1970er Jahren weltweit bahnbrechende Pionierleistung","breadcrumb":{"@id":"http:\/\/www.gruentzig-foundation.org\/#breadcrumb"},"inLanguage":"de","potentialAction":[{"@type":"ReadAction","target":["http:\/\/www.gruentzig-foundation.org\/"]}]},{"@type":"BreadcrumbList","@id":"http:\/\/www.gruentzig-foundation.org\/#breadcrumb","itemListElement":[{"@type":"ListItem","position":1,"name":"Startseite","item":"http:\/\/www.gruentzig-foundation.org\/"},{"@type":"ListItem","position":2,"name":"\u00dcber die Stiftung"}]},{"@type":"WebSite","@id":"http:\/\/www.gruentzig-foundation.org\/#website","url":"http:\/\/www.gruentzig-foundation.org\/","name":"Andreas Gr&uuml;ntzig Stiftung","description":"www.gruentzig-foundation.org","potentialAction":[{"@type":"SearchAction","target":{"@type":"EntryPoint","urlTemplate":"http:\/\/www.gruentzig-foundation.org\/?s={search_term_string}"},"query-input":{"@type":"PropertyValueSpecification","valueRequired":true,"valueName":"search_term_string"}}],"inLanguage":"de"}]}},"_links":{"self":[{"href":"https:\/\/www.gruentzig-foundation.org\/index.php?rest_route=\/wp\/v2\/pages\/38","targetHints":{"allow":["GET"]}}],"collection":[{"href":"https:\/\/www.gruentzig-foundation.org\/index.php?rest_route=\/wp\/v2\/pages"}],"about":[{"href":"https:\/\/www.gruentzig-foundation.org\/index.php?rest_route=\/wp\/v2\/types\/page"}],"author":[{"embeddable":true,"href":"https:\/\/www.gruentzig-foundation.org\/index.php?rest_route=\/wp\/v2\/users\/1"}],"replies":[{"embeddable":true,"href":"https:\/\/www.gruentzig-foundation.org\/index.php?rest_route=%2Fwp%2Fv2%2Fcomments&post=38"}],"version-history":[{"count":71,"href":"https:\/\/www.gruentzig-foundation.org\/index.php?rest_route=\/wp\/v2\/pages\/38\/revisions"}],"predecessor-version":[{"id":175,"href":"https:\/\/www.gruentzig-foundation.org\/index.php?rest_route=\/wp\/v2\/pages\/38\/revisions\/175"}],"wp:attachment":[{"href":"https:\/\/www.gruentzig-foundation.org\/index.php?rest_route=%2Fwp%2Fv2%2Fmedia&parent=38"}],"curies":[{"name":"wp","href":"https:\/\/api.w.org\/{rel}","templated":true}]}}